{"id":10,"date":"2021-08-23T12:10:14","date_gmt":"2021-08-23T12:10:14","guid":{"rendered":"https:\/\/sktperfectdemo.com\/themepack\/police\/?page_id=10"},"modified":"2021-12-02T15:47:34","modified_gmt":"2021-12-02T12:47:34","slug":"about","status":"publish","type":"page","link":"https:\/\/ciftelkagitcilik.com\/index.php\/about\/","title":{"rendered":"HAKKIMIZDA"},"content":{"rendered":"\t\t<div data-elementor-type=\"wp-page\" data-elementor-id=\"10\" class=\"elementor elementor-10\" data-elementor-settings=\"[]\">\n\t\t\t<div class=\"elementor-inner\">\n\t\t\t\t<div class=\"elementor-section-wrap\">\n\t\t\t\t\t\t\t<section class=\"elementor-element elementor-element-a3e6934 elementor-section-boxed elementor-section-height-default elementor-section-height-default elementor-section elementor-top-section\" data-id=\"a3e6934\" data-element_type=\"section\" data-settings=\"{&quot;background_background&quot;:&quot;classic&quot;}\">\n\t\t\t\t\t\t<div class=\"elementor-container elementor-column-gap-no\">\n\t\t\t\t<div class=\"elementor-row\">\n\t\t\t\t<div class=\"elementor-element elementor-element-96b0ef1 welcome-police elementor-column elementor-col-100 elementor-top-column\" data-id=\"96b0ef1\" data-element_type=\"column\">\n\t\t\t<div class=\"elementor-column-wrap  elementor-element-populated\">\n\t\t\t\t\t<div class=\"elementor-widget-wrap\">\n\t\t\t\t<div class=\"elementor-element elementor-element-61db58d elementor-widget elementor-widget-heading\" data-id=\"61db58d\" data-element_type=\"widget\" data-widget_type=\"heading.default\">\n\t\t\t\t<div class=\"elementor-widget-container\">\n\t\t\t<h2 class=\"elementor-heading-title elementor-size-default\">ANKARA \u00c7\u0130ftel Ka\u011f\u0131t\u00e7\u0131l\u0131k<\/h2>\t\t<\/div>\n\t\t\t\t<\/div>\n\t\t\t\t<div class=\"elementor-element elementor-element-8dda04e welcome-police-text elementor-widget elementor-widget-text-editor\" data-id=\"8dda04e\" data-element_type=\"widget\" data-widget_type=\"text-editor.default\">\n\t\t\t\t<div class=\"elementor-widget-container\">\n\t\t\t\t\t<div class=\"elementor-text-editor elementor-clearfix\"><h2 style=\"font-family: Poppins, sans-serif; font-weight: 400; line-height: 1.3; color: #373e45; margin-bottom: 18px; font-size: 1.875em;\">Hakk\u0131m\u0131zda<\/h2><p style=\"margin-bottom: 18px; color: #596570; font-family: Roboto, sans-serif; font-size: 16px;\">\u00a0<\/p><p style=\"margin-bottom: 18px; color: #596570; font-family: Roboto, sans-serif; font-size: 16px;\">Hurda sekt\u00f6r\u00fcn\u00fcn \u00f6nc\u00fcleri aras\u0131nda olan \u00c7iftel hurda metal \u00a0kuruldu\u011fu y\u0131ldan bu yana\u00a0\u00f6ncelikli olarak m\u00fc\u015fteri memnuniyeti esas\u0131na dayal\u0131 olarak faaliyet g\u00f6stermektedir. \u00c7evreye do\u011faya zarar vermeyecek \u015fekilde itinayla de\u011ferlendirme insanlara faydal\u0131 hale getirmi\u015ftir Firmam\u0131z\u00a0<span style=\"font-weight: 600;\">hurda<\/span>\u00a0 metal At\u0131k kag\u0131t al\u0131m\u0131 alan\u0131nda Ekibimizle m\u00fc\u015fterilere en iyi fiyat ve en iyi hizmeti sunabilme anlay\u0131\u015f\u0131 i\u00e7erisindedir.<\/p><p style=\"margin-bottom: 18px; color: #596570; font-family: Roboto, sans-serif; font-size: 16px;\">Firmam\u0131z hurda metal at\u0131k kag\u0131t sekt\u00f6r\u00fcnde geni\u015f m\u00fc\u015fteri kitlelerine hitap etmekle birlikte yapt\u0131\u011f\u0131 i\u015f sayesinde de \u00e7evreye b\u00fcy\u00fck fayda sa\u011flamaktad\u0131r. \u00c7iftel Metal Hurda m\u00fc\u015fteri isteklerinin kaliteli bir \u015fekilde ve zaman\u0131nda kar\u015f\u0131lanmas\u0131 \u015firketimizin \u00e7al\u0131\u015fma politikas\u0131n\u0131n \u00f6z\u00fcn\u00fc olu\u015fturmaktad\u0131r.<\/p><p style=\"margin-bottom: 18px; color: #596570; font-family: Roboto, sans-serif; font-size: 16px;\">Firmam\u0131z\u0131n \u00f6ncelikli hedefi sekt\u00f6r\u00fcnde edindi\u011fi yeri uzun y\u0131llar korumak , kendine ve \u00e7evresine s\u00fcrekli fayda sa\u011flayabilmektir<\/p><p style=\"margin-bottom: 18px; color: #596570; font-family: Roboto, sans-serif; font-size: 16px;\">Bizimle \u00e7al\u0131\u015fma ayr\u0131cal\u0131\u011f\u0131n\u0131 ya\u015fayan t\u00fcm m\u00fc\u015fterilerimizin memnuniyeti bizim i\u00e7in b\u00fcy\u00fck \u00f6nem ta\u015f\u0131maktad\u0131r.<\/p><p style=\"margin-bottom: 18px; color: #596570; font-family: Roboto, sans-serif; font-size: 16px;\">\u00a0\u00c7\u0130FTEL HURDA ATIK KA\u011eIT<\/p><\/div>\n\t\t\t\t<\/div>\n\t\t\t\t<\/div>\n\t\t\t\t<section class=\"elementor-element elementor-element-33acbfb welcome-police-inner elementor-section-boxed elementor-section-height-default elementor-section-height-default elementor-section elementor-inner-section\" data-id=\"33acbfb\" data-element_type=\"section\">\n\t\t\t\t\t\t<div class=\"elementor-container elementor-column-gap-no\">\n\t\t\t\t<div class=\"elementor-row\">\n\t\t\t\t<div class=\"elementor-element elementor-element-c6eb9b9 elementor-column elementor-col-100 elementor-inner-column\" data-id=\"c6eb9b9\" data-element_type=\"column\">\n\t\t\t<div class=\"elementor-column-wrap\">\n\t\t\t\t\t<div class=\"elementor-widget-wrap\">\n\t\t\t\t\t\t<\/div>\n\t\t\t<\/div>\n\t\t<\/div>\n\t\t\t\t\t\t<\/div>\n\t\t\t<\/div>\n\t\t<\/section>\n\t\t\t\t\t\t<\/div>\n\t\t\t<\/div>\n\t\t<\/div>\n\t\t\t\t\t\t<\/div>\n\t\t\t<\/div>\n\t\t<\/section>\n\t\t\t\t\t\t<\/div>\n\t\t\t<\/div>\n\t\t<\/div>\n\t\t","protected":false},"excerpt":{"rendered":"<p>ANKARA \u00c7\u0130ftel Ka\u011f\u0131t\u00e7\u0131l\u0131k Hakk\u0131m\u0131zda \u00a0 Hurda sekt\u00f6r\u00fcn\u00fcn \u00f6nc\u00fcleri aras\u0131nda olan \u00c7iftel hurda metal \u00a0kuruldu\u011fu y\u0131ldan bu yana\u00a0\u00f6ncelikli olarak m\u00fc\u015fteri memnuniyeti esas\u0131na dayal\u0131 olarak faaliyet g\u00f6stermektedir. \u00c7evreye do\u011faya zarar vermeyecek \u015fekilde itinayla de\u011ferlendirme insanlara faydal\u0131 hale getirmi\u015ftir Firmam\u0131z\u00a0hurda\u00a0 metal At\u0131k kag\u0131t al\u0131m\u0131 alan\u0131nda Ekibimizle m\u00fc\u015fterilere en iyi fiyat ve en iyi hizmeti sunabilme anlay\u0131\u015f\u0131 i\u00e7erisindedir. Firmam\u0131z<br \/><a class=\"moretag\" href=\"https:\/\/ciftelkagitcilik.com\/index.php\/about\/\">+ Read More<\/a><\/p>\n","protected":false},"author":1,"featured_media":0,"parent":0,"menu_order":0,"comment_status":"closed","ping_status":"closed","template":"templates\/page-builder.php","meta":{"footnotes":""},"class_list":["post-10","page","type-page","status-publish","hentry"],"_links":{"self":[{"href":"https:\/\/ciftelkagitcilik.com\/index.php\/wp-json\/wp\/v2\/pages\/10","targetHints":{"allow":["GET"]}}],"collection":[{"href":"https:\/\/ciftelkagitcilik.com\/index.php\/wp-json\/wp\/v2\/pages"}],"about":[{"href":"https:\/\/ciftelkagitcilik.com\/index.php\/wp-json\/wp\/v2\/types\/page"}],"author":[{"embeddable":true,"href":"https:\/\/ciftelkagitcilik.com\/index.php\/wp-json\/wp\/v2\/users\/1"}],"replies":[{"embeddable":true,"href":"https:\/\/ciftelkagitcilik.com\/index.php\/wp-json\/wp\/v2\/comments?post=10"}],"version-history":[{"count":4,"href":"https:\/\/ciftelkagitcilik.com\/index.php\/wp-json\/wp\/v2\/pages\/10\/revisions"}],"predecessor-version":[{"id":661,"href":"https:\/\/ciftelkagitcilik.com\/index.php\/wp-json\/wp\/v2\/pages\/10\/revisions\/661"}],"wp:attachment":[{"href":"https:\/\/ciftelkagitcilik.com\/index.php\/wp-json\/wp\/v2\/media?parent=10"}],"curies":[{"name":"wp","href":"https:\/\/api.w.org\/{rel}","templated":true}]}}